{"id":100,"date":"2024-04-07T15:12:09","date_gmt":"2024-04-07T13:12:09","guid":{"rendered":"https:\/\/www.clubtirchanceaux.fr\/?page_id=100"},"modified":"2026-03-16T14:33:09","modified_gmt":"2026-03-16T13:33:09","slug":"le-comite-directeur","status":"publish","type":"page","link":"https:\/\/www.clubtirchanceaux.fr\/index.php\/le-club\/le-comite-directeur\/","title":{"rendered":"Le comit\u00e9 directeur"},"content":{"rendered":"\n<p><strong>BUREAU DIRECTEUR<\/strong><br>Pr\u00e9sident : SOUTY Patrick<br>Secr\u00e9taire : OBERTELLI Maryse<br>Tr\u00e9sorier : HUGUES Vincent<\/p>\n\n\n\n<p><strong>VICE-PRESIDENCE<\/strong><br>Vice-Pr\u00e9sident : ROBIN Jean-Marie<\/p>\n\n\n\n<p><strong>POSTES A RESPONSABILITES<\/strong><br>Tr\u00e9sorier adjoint : CLAVIER Claude<br>Secr\u00e9taire adjoint : JUSRENDOT Jean-Luc<br>Superviseur 10m \/ 25m : ARMAND Philippe<br>Responsable Ecole de tir : DI MICHELE Benjamin<br>EDT \/ Initiateur : BROU Bruno<br>Superviseur 25m \/ Initiateur : ADEL Jean-Jacques<br>Superviseur 100m \/ Responsable vid\u00e9o : BALANDRE Nicolas<\/p>\n\n\n\n<ul class=\"wp-block-list\">\n<li><strong>MEMBRES<\/strong><br>BOTHEREAU Morgan<\/li>\n\n\n\n<li>MASSON Jacques<\/li>\n\n\n\n<li>RICHON Bernard<br>ROGEON Sylvie<br>SIMONNEAUX Christian<\/li>\n\n\n\n<li>SOUTY Eug\u00e9nie<\/li>\n<\/ul>\n\n\n\n<p><\/p>\n\n\n\n<p><\/p>\n\n\n\n<p><\/p>\n","protected":false},"excerpt":{"rendered":"<p>BUREAU DIRECTEURPr\u00e9sident : SOUTY PatrickSecr\u00e9taire : OBERTELLI MaryseTr\u00e9sorier : HUGUES Vincent VICE-PRESIDENCEVice-Pr\u00e9sident : ROBIN Jean-Marie POSTES A RESPONSABILITESTr\u00e9sorier adjoint : CLAVIER ClaudeSecr\u00e9taire adjoint : JUSRENDOT Jean-LucSuperviseur 10m \/ 25m : ARMAND PhilippeResponsable Ecole de tir : DI MICHELE BenjaminEDT \/ Initiateur : BROU BrunoSuperviseur 25m \/ Initiateur : ADEL Jean-JacquesSuperviseur 100m \/ Responsable vid\u00e9o : [&hellip;]<\/p>\n","protected":false},"author":2,"featured_media":0,"parent":13,"menu_order":3,"comment_status":"closed","ping_status":"closed","template":"","meta":{"_monsterinsights_skip_tracking":false,"_monsterinsights_sitenote_active":false,"_monsterinsights_sitenote_note":"","_monsterinsights_sitenote_category":0,"footnotes":""},"class_list":["post-100","page","type-page","status-publish","hentry"],"aioseo_notices":[],"_links":{"self":[{"href":"https:\/\/www.clubtirchanceaux.fr\/index.php\/wp-json\/wp\/v2\/pages\/100","targetHints":{"allow":["GET"]}}],"collection":[{"href":"https:\/\/www.clubtirchanceaux.fr\/index.php\/wp-json\/wp\/v2\/pages"}],"about":[{"href":"https:\/\/www.clubtirchanceaux.fr\/index.php\/wp-json\/wp\/v2\/types\/page"}],"author":[{"embeddable":true,"href":"https:\/\/www.clubtirchanceaux.fr\/index.php\/wp-json\/wp\/v2\/users\/2"}],"replies":[{"embeddable":true,"href":"https:\/\/www.clubtirchanceaux.fr\/index.php\/wp-json\/wp\/v2\/comments?post=100"}],"version-history":[{"count":6,"href":"https:\/\/www.clubtirchanceaux.fr\/index.php\/wp-json\/wp\/v2\/pages\/100\/revisions"}],"predecessor-version":[{"id":319,"href":"https:\/\/www.clubtirchanceaux.fr\/index.php\/wp-json\/wp\/v2\/pages\/100\/revisions\/319"}],"up":[{"embeddable":true,"href":"https:\/\/www.clubtirchanceaux.fr\/index.php\/wp-json\/wp\/v2\/pages\/13"}],"wp:attachment":[{"href":"https:\/\/www.clubtirchanceaux.fr\/index.php\/wp-json\/wp\/v2\/media?parent=100"}],"curies":[{"name":"wp","href":"https:\/\/api.w.org\/{rel}","templated":true}]}}