{"id":132,"date":"2024-04-07T16:27:41","date_gmt":"2024-04-07T14:27:41","guid":{"rendered":"https:\/\/www.clubtirchanceaux.fr\/?page_id=132"},"modified":"2024-04-27T15:42:42","modified_gmt":"2024-04-27T13:42:42","slug":"actus","status":"publish","type":"page","link":"https:\/\/www.clubtirchanceaux.fr\/index.php\/actus\/","title":{"rendered":"Actualit\u00e9s"},"content":{"rendered":"\n<p><\/p>\n\n\n\n<div class=\"wp-block-query has-global-padding is-layout-constrained wp-block-query-is-layout-constrained\">\n\n\n<div class=\"wp-block-group is-layout-flow wp-block-group-is-layout-flow\" style=\"margin-top:0;margin-bottom:0;padding-top:var(--wp--preset--spacing--50);padding-right:0;padding-bottom:var(--wp--preset--spacing--50);padding-left:0\"><ul class=\"alignfull wp-block-post-template is-layout-flow wp-container-core-post-template-is-layout-09c064ec wp-block-post-template-is-layout-flow\"><li class=\"wp-block-post post-275 post type-post status-publish format-standard has-post-thumbnail hentry category-non-classe\">\n<figure style=\"aspect-ratio:3\/2; margin-bottom:var(--wp--preset--spacing--20);\" class=\"wp-block-post-featured-image\"><a href=\"https:\/\/www.clubtirchanceaux.fr\/index.php\/2025\/07\/25\/xxxx\/\" target=\"_self\"  ><img loading=\"lazy\" decoding=\"async\" width=\"2560\" height=\"892\" src=\"https:\/\/www.clubtirchanceaux.fr\/wp-content\/uploads\/2024\/02\/20180807_173356ok1-scaled.jpg\" class=\"attachment-post-thumbnail size-post-thumbnail wp-post-image\" alt=\"SAISON 2025-2026\" style=\"width:100%;height:100%;object-fit:cover;\" srcset=\"https:\/\/www.clubtirchanceaux.fr\/wp-content\/uploads\/2024\/02\/20180807_173356ok1-scaled.jpg 2560w, https:\/\/www.clubtirchanceaux.fr\/wp-content\/uploads\/2024\/02\/20180807_173356ok1-300x105.jpg 300w, https:\/\/www.clubtirchanceaux.fr\/wp-content\/uploads\/2024\/02\/20180807_173356ok1-1024x357.jpg 1024w, https:\/\/www.clubtirchanceaux.fr\/wp-content\/uploads\/2024\/02\/20180807_173356ok1-768x268.jpg 768w, https:\/\/www.clubtirchanceaux.fr\/wp-content\/uploads\/2024\/02\/20180807_173356ok1-1536x535.jpg 1536w, https:\/\/www.clubtirchanceaux.fr\/wp-content\/uploads\/2024\/02\/20180807_173356ok1-2048x714.jpg 2048w\" sizes=\"auto, (max-width: 2560px) 100vw, 2560px\" \/><\/a><\/figure>\n\n\n<div class=\"wp-block-group is-vertical is-nowrap is-layout-flex wp-container-core-group-is-layout-9bc6ff26 wp-block-group-is-layout-flex\" style=\"border-style:none;border-width:0px\"><h2 style=\"margin-bottom:0;\" class=\"has-link-color wp-elements-550ecac2836c167997adfeb325ff42b0 wp-block-post-title has-text-color has-base-2-color has-x-large-font-size\"><a href=\"https:\/\/www.clubtirchanceaux.fr\/index.php\/2025\/07\/25\/xxxx\/\" target=\"_self\" >SAISON 2025-2026<\/a><\/h2>\n\n<div class=\"wp-block-template-part\">\n\n<div class=\"wp-block-group has-global-padding is-layout-constrained wp-block-group-is-layout-constrained\">\n\t\n\t<div class=\"wp-block-group is-content-justification-left is-layout-flex wp-container-core-group-is-layout-dfe8e91f wp-block-group-is-layout-flex\">\n\t\t<div class=\"wp-block-post-date\"><time datetime=\"2025-07-25T17:45:24+02:00\"><a href=\"https:\/\/www.clubtirchanceaux.fr\/index.php\/2025\/07\/25\/xxxx\/\">Juil 25, 2025<\/a><\/time><\/div>\n\n\t\t\n\t\t<p class=\"has-contrast-2-color has-text-color\">\u2014<\/p>\n\t\t\n\n\t\t\n\t\t<p class=\"has-small-font-size has-contrast-2-color has-text-color\">par<\/p>\n\t\t\n\n\t\t<div class=\"wp-block-post-author-name\"><a href=\"https:\/\/www.clubtirchanceaux.fr\/index.php\/author\/maryse\/\" target=\"_self\" class=\"wp-block-post-author-name__link\">Maryse OBERTELLI<\/a><\/div>\n\n\t\t<div class=\"taxonomy-category wp-block-post-terms\"><span class=\"wp-block-post-terms__prefix\">dans <\/span><a href=\"https:\/\/www.clubtirchanceaux.fr\/index.php\/category\/non-classe\/\" rel=\"tag\">Non class\u00e9<\/a><\/div>\n\n\t<\/div>\n\t\n<\/div>\n\n\n<\/div>\n\n<div class=\"wp-block-post-excerpt has-small-font-size\"><p class=\"wp-block-post-excerpt__excerpt\">Bienvenue au C.T.S.C.pour cette nouvelle saison. La permanence du samedi ouvrira ses portes le samedi 06 septembre 2025. <\/p><\/div><\/div>\n\n<\/li><li class=\"wp-block-post post-221 post type-post status-publish format-standard has-post-thumbnail hentry category-non-classe\">\n<figure style=\"aspect-ratio:3\/2; margin-bottom:var(--wp--preset--spacing--20);\" class=\"wp-block-post-featured-image\"><a href=\"https:\/\/www.clubtirchanceaux.fr\/index.php\/2024\/07\/08\/fermeture-estivale\/\" target=\"_self\"  ><img loading=\"lazy\" decoding=\"async\" width=\"998\" height=\"346\" src=\"https:\/\/www.clubtirchanceaux.fr\/wp-content\/uploads\/2024\/04\/20180807_172835ok-1024x355-1-e1714223754482.jpg\" class=\"attachment-post-thumbnail size-post-thumbnail wp-post-image\" alt=\"Certificat m\u00e9dical\" style=\"width:100%;height:100%;object-fit:cover;\" srcset=\"https:\/\/www.clubtirchanceaux.fr\/wp-content\/uploads\/2024\/04\/20180807_172835ok-1024x355-1-e1714223754482.jpg 998w, https:\/\/www.clubtirchanceaux.fr\/wp-content\/uploads\/2024\/04\/20180807_172835ok-1024x355-1-e1714223754482-300x104.jpg 300w, https:\/\/www.clubtirchanceaux.fr\/wp-content\/uploads\/2024\/04\/20180807_172835ok-1024x355-1-e1714223754482-768x266.jpg 768w\" sizes=\"auto, (max-width: 998px) 100vw, 998px\" \/><\/a><\/figure>\n\n\n<div class=\"wp-block-group is-vertical is-nowrap is-layout-flex wp-container-core-group-is-layout-9bc6ff26 wp-block-group-is-layout-flex\" style=\"border-style:none;border-width:0px\"><h2 style=\"margin-bottom:0;\" class=\"has-link-color wp-elements-550ecac2836c167997adfeb325ff42b0 wp-block-post-title has-text-color has-base-2-color has-x-large-font-size\"><a href=\"https:\/\/www.clubtirchanceaux.fr\/index.php\/2024\/07\/08\/fermeture-estivale\/\" target=\"_self\" >Certificat m\u00e9dical<\/a><\/h2>\n\n<div class=\"wp-block-template-part\">\n\n<div class=\"wp-block-group has-global-padding is-layout-constrained wp-block-group-is-layout-constrained\">\n\t\n\t<div class=\"wp-block-group is-content-justification-left is-layout-flex wp-container-core-group-is-layout-dfe8e91f wp-block-group-is-layout-flex\">\n\t\t<div class=\"wp-block-post-date\"><time datetime=\"2024-07-08T14:25:22+02:00\"><a href=\"https:\/\/www.clubtirchanceaux.fr\/index.php\/2024\/07\/08\/fermeture-estivale\/\">Juil 8, 2024<\/a><\/time><\/div>\n\n\t\t\n\t\t<p class=\"has-contrast-2-color has-text-color\">\u2014<\/p>\n\t\t\n\n\t\t\n\t\t<p class=\"has-small-font-size has-contrast-2-color has-text-color\">par<\/p>\n\t\t\n\n\t\t<div class=\"wp-block-post-author-name\"><a href=\"https:\/\/www.clubtirchanceaux.fr\/index.php\/author\/cgilavert\/\" target=\"_self\" class=\"wp-block-post-author-name__link\">Cl\u00e9ment Gilavert<\/a><\/div>\n\n\t\t<div class=\"taxonomy-category wp-block-post-terms\"><span class=\"wp-block-post-terms__prefix\">dans <\/span><a href=\"https:\/\/www.clubtirchanceaux.fr\/index.php\/category\/non-classe\/\" rel=\"tag\">Non class\u00e9<\/a><\/div>\n\n\t<\/div>\n\t\n<\/div>\n\n\n<\/div>\n\n<div class=\"wp-block-post-excerpt has-small-font-size\"><p class=\"wp-block-post-excerpt__excerpt\">N&#8217;oubliez pas de v\u00e9rifier la validit\u00e9 de votre certificat m\u00e9dical. <\/p><\/div><\/div>\n\n<\/li><\/ul>\n\n\n<div style=\"margin-top:0;margin-bottom:0;height:var(--wp--preset--spacing--50)\" aria-hidden=\"true\" class=\"wp-block-spacer\"><\/div>\n\n\n<\/div>\n<\/div>\n","protected":false},"excerpt":{"rendered":"","protected":false},"author":2,"featured_media":0,"parent":0,"menu_order":0,"comment_status":"closed","ping_status":"closed","template":"","meta":{"_monsterinsights_skip_tracking":false,"_monsterinsights_sitenote_active":false,"_monsterinsights_sitenote_note":"","_monsterinsights_sitenote_category":0,"footnotes":""},"class_list":["post-132","page","type-page","status-publish","hentry"],"aioseo_notices":[],"_links":{"self":[{"href":"https:\/\/www.clubtirchanceaux.fr\/index.php\/wp-json\/wp\/v2\/pages\/132","targetHints":{"allow":["GET"]}}],"collection":[{"href":"https:\/\/www.clubtirchanceaux.fr\/index.php\/wp-json\/wp\/v2\/pages"}],"about":[{"href":"https:\/\/www.clubtirchanceaux.fr\/index.php\/wp-json\/wp\/v2\/types\/page"}],"author":[{"embeddable":true,"href":"https:\/\/www.clubtirchanceaux.fr\/index.php\/wp-json\/wp\/v2\/users\/2"}],"replies":[{"embeddable":true,"href":"https:\/\/www.clubtirchanceaux.fr\/index.php\/wp-json\/wp\/v2\/comments?post=132"}],"version-history":[{"count":7,"href":"https:\/\/www.clubtirchanceaux.fr\/index.php\/wp-json\/wp\/v2\/pages\/132\/revisions"}],"predecessor-version":[{"id":197,"href":"https:\/\/www.clubtirchanceaux.fr\/index.php\/wp-json\/wp\/v2\/pages\/132\/revisions\/197"}],"wp:attachment":[{"href":"https:\/\/www.clubtirchanceaux.fr\/index.php\/wp-json\/wp\/v2\/media?parent=132"}],"curies":[{"name":"wp","href":"https:\/\/api.w.org\/{rel}","templated":true}]}}