{"id":95,"date":"2024-04-07T15:10:04","date_gmt":"2024-04-07T13:10:04","guid":{"rendered":"https:\/\/www.clubtirchanceaux.fr\/?page_id=95"},"modified":"2024-04-07T15:32:51","modified_gmt":"2024-04-07T13:32:51","slug":"historique","status":"publish","type":"page","link":"https:\/\/www.clubtirchanceaux.fr\/index.php\/le-club\/historique\/","title":{"rendered":"Historique"},"content":{"rendered":"\n<p>En janvier 1985 fut cr\u00e9\u00e9e la Section de Tir de la Police Municipale de Tours (STPM), au sein de laquelle une petite poign\u00e9e de membres anim\u00e9e d\u2019une volont\u00e9 \u00e0 toute \u00e9preuve, d\u2019une \u00e9norme t\u00e9nacit\u00e9&nbsp; mais aussi&nbsp; d\u2019une grande dose de folie d\u00e9cide de construire un stand de tir dans la prairie de la Bourdilli\u00e8re \u00e0 Chanceaux sur Choisille.<\/p>\n\n\n\n<p>B\u00e9n\u00e9voles, ils n\u2019ont pas h\u00e9sit\u00e9 \u00e0 relever les manches, \u00e0 donner de leur temps et de leur sueur pour \u00e9lever les murs et am\u00e9nager de leurs mains ce bel outil qu\u2019est devenu, apr\u00e8s 33000 heures de travail, le stand \u00ab&nbsp;Claude De Chadois&nbsp;\u00bb.<\/p>\n\n\n\n<p>Ainsi est n\u00e9 en mai 1992 le&nbsp;<strong>CLUB DE TIR SPORTIF CANCELLIEN (C.T.S.C.<\/strong>).<\/p>\n","protected":false},"excerpt":{"rendered":"<p>En janvier 1985 fut cr\u00e9\u00e9e la Section de Tir de la Police Municipale de Tours (STPM), au sein de laquelle une petite poign\u00e9e de membres anim\u00e9e d\u2019une volont\u00e9 \u00e0 toute \u00e9preuve, d\u2019une \u00e9norme t\u00e9nacit\u00e9&nbsp; mais aussi&nbsp; d\u2019une grande dose de folie d\u00e9cide de construire un stand de tir dans la prairie de la Bourdilli\u00e8re \u00e0 [&hellip;]<\/p>\n","protected":false},"author":2,"featured_media":0,"parent":13,"menu_order":1,"comment_status":"closed","ping_status":"closed","template":"","meta":{"_monsterinsights_skip_tracking":false,"_monsterinsights_sitenote_active":false,"_monsterinsights_sitenote_note":"","_monsterinsights_sitenote_category":0,"footnotes":""},"class_list":["post-95","page","type-page","status-publish","hentry"],"aioseo_notices":[],"_links":{"self":[{"href":"https:\/\/www.clubtirchanceaux.fr\/index.php\/wp-json\/wp\/v2\/pages\/95","targetHints":{"allow":["GET"]}}],"collection":[{"href":"https:\/\/www.clubtirchanceaux.fr\/index.php\/wp-json\/wp\/v2\/pages"}],"about":[{"href":"https:\/\/www.clubtirchanceaux.fr\/index.php\/wp-json\/wp\/v2\/types\/page"}],"author":[{"embeddable":true,"href":"https:\/\/www.clubtirchanceaux.fr\/index.php\/wp-json\/wp\/v2\/users\/2"}],"replies":[{"embeddable":true,"href":"https:\/\/www.clubtirchanceaux.fr\/index.php\/wp-json\/wp\/v2\/comments?post=95"}],"version-history":[{"count":2,"href":"https:\/\/www.clubtirchanceaux.fr\/index.php\/wp-json\/wp\/v2\/pages\/95\/revisions"}],"predecessor-version":[{"id":123,"href":"https:\/\/www.clubtirchanceaux.fr\/index.php\/wp-json\/wp\/v2\/pages\/95\/revisions\/123"}],"up":[{"embeddable":true,"href":"https:\/\/www.clubtirchanceaux.fr\/index.php\/wp-json\/wp\/v2\/pages\/13"}],"wp:attachment":[{"href":"https:\/\/www.clubtirchanceaux.fr\/index.php\/wp-json\/wp\/v2\/media?parent=95"}],"curies":[{"name":"wp","href":"https:\/\/api.w.org\/{rel}","templated":true}]}}