{"id":96,"date":"2024-04-07T15:14:41","date_gmt":"2024-04-07T13:14:41","guid":{"rendered":"https:\/\/www.clubtirchanceaux.fr\/?page_id=96"},"modified":"2025-09-19T14:15:20","modified_gmt":"2025-09-19T12:15:20","slug":"documents","status":"publish","type":"page","link":"https:\/\/www.clubtirchanceaux.fr\/index.php\/infos-pratiques\/documents\/","title":{"rendered":"Documents"},"content":{"rendered":"\n<figure class=\"wp-block-table\"><table><tbody><tr><td>R\u00e8glement du Club de Tir Sportif Cancellien C.T.S.C.<\/td><td><\/td><\/tr><tr><td>Formulaire de demande d\u2019avis pr\u00e9alable<\/td><td><a href=\"https:\/\/www.clubtirchanceaux.fr\/wp-content\/uploads\/2024\/09\/Demande-davis-prealable.pdf\" target=\"_blank\" rel=\"noopener\" title=\"Demande-d\u2019avis-prealable\">demande d\u2019avis pr\u00e9alable<\/a><\/td><\/tr><tr><td>D\u00e9tenir une arme pour le tir sportif : quelles sont les r\u00e8gles ?<\/td><td><a href=\"#\" target=\"_blank\" rel=\"noreferrer noopener\">Service public \u2013 tir sportif<\/a><\/td><\/tr><tr><td>Autorisation parentale<\/td><td><a href=\"https:\/\/www.clubtirchanceaux.fr\/wp-content\/uploads\/2025\/07\/Autorisation-parentale.pdf\" title=\"Autorisation parentale\">Autorisation parentale<\/a><\/td><\/tr><tr><td>Autorisation pour droit \u00e0 l\u2019image<\/td><td><a href=\"https:\/\/www.clubtirchanceaux.fr\/wp-content\/uploads\/2025\/07\/2024-EdT-Droit-a-limage-1-1.pdf\" title=\"2024 EdT Droit \u00e0 l\u2019image-1\">Droit \u00e0 l\u2019image<\/a><\/td><\/tr><tr><td>Certificat m\u00e9dical 2025-2026<\/td><td><a href=\"https:\/\/eden.fftir.org\/image\/documentItac\/Telechargements\/2025-2026_CERTIFICAT_MEDICAL.pdf\" title=\"\">CERTIFICAT_MEDICAL.pdf<\/a><\/td><\/tr><\/tbody><\/table><\/figure>\n\n\n\n<p><\/p>\n","protected":false},"excerpt":{"rendered":"<p>R\u00e8glement du Club de Tir Sportif Cancellien C.T.S.C. Formulaire de demande d\u2019avis pr\u00e9alable demande d\u2019avis pr\u00e9alable D\u00e9tenir une arme pour le tir sportif : quelles sont les r\u00e8gles ? Service public \u2013 tir sportif Autorisation parentale Autorisation parentale Autorisation pour droit \u00e0 l\u2019image Droit \u00e0 l\u2019image Certificat m\u00e9dical 2025-2026 CERTIFICAT_MEDICAL.pdf<\/p>\n","protected":false},"author":3,"featured_media":0,"parent":17,"menu_order":3,"comment_status":"closed","ping_status":"closed","template":"","meta":{"_monsterinsights_skip_tracking":false,"_monsterinsights_sitenote_active":false,"_monsterinsights_sitenote_note":"","_monsterinsights_sitenote_category":0,"footnotes":""},"class_list":["post-96","page","type-page","status-publish","hentry"],"aioseo_notices":[],"_links":{"self":[{"href":"https:\/\/www.clubtirchanceaux.fr\/index.php\/wp-json\/wp\/v2\/pages\/96","targetHints":{"allow":["GET"]}}],"collection":[{"href":"https:\/\/www.clubtirchanceaux.fr\/index.php\/wp-json\/wp\/v2\/pages"}],"about":[{"href":"https:\/\/www.clubtirchanceaux.fr\/index.php\/wp-json\/wp\/v2\/types\/page"}],"author":[{"embeddable":true,"href":"https:\/\/www.clubtirchanceaux.fr\/index.php\/wp-json\/wp\/v2\/users\/3"}],"replies":[{"embeddable":true,"href":"https:\/\/www.clubtirchanceaux.fr\/index.php\/wp-json\/wp\/v2\/comments?post=96"}],"version-history":[{"count":25,"href":"https:\/\/www.clubtirchanceaux.fr\/index.php\/wp-json\/wp\/v2\/pages\/96\/revisions"}],"predecessor-version":[{"id":326,"href":"https:\/\/www.clubtirchanceaux.fr\/index.php\/wp-json\/wp\/v2\/pages\/96\/revisions\/326"}],"up":[{"embeddable":true,"href":"https:\/\/www.clubtirchanceaux.fr\/index.php\/wp-json\/wp\/v2\/pages\/17"}],"wp:attachment":[{"href":"https:\/\/www.clubtirchanceaux.fr\/index.php\/wp-json\/wp\/v2\/media?parent=96"}],"curies":[{"name":"wp","href":"https:\/\/api.w.org\/{rel}","templated":true}]}}